{"id":15,"date":"2024-12-01T00:33:12","date_gmt":"2024-11-30T23:33:12","guid":{"rendered":"https:\/\/evangeline-d.com\/?page_id=15"},"modified":"2025-11-12T17:33:20","modified_gmt":"2025-11-12T16:33:20","slug":"a-propos","status":"publish","type":"page","link":"https:\/\/evangeline-d.com\/en\/a-propos\/","title":{"rendered":"A propos"},"content":{"rendered":"<style>.kb-row-layout-wrap.wp-block-kadence-rowlayout.kb-row-layout-id15_1b7fc4-33{margin-top:0px;}.kb-row-layout-id15_1b7fc4-33 > .kt-row-column-wrap{align-content:start;}:where(.kb-row-layout-id15_1b7fc4-33 > .kt-row-column-wrap) > .wp-block-kadence-column{justify-content:start;}.kb-row-layout-id15_1b7fc4-33 > .kt-row-column-wrap{column-gap:39px;row-gap:var(--global-kb-gap-md, 2rem);max-width:var( --global-content-width, 1290px );padding-left:var(--global-content-edge-padding);padding-right:var(--global-content-edge-padding);padding-top:var(--global-kb-spacing-sm, 1.5rem);padding-bottom:var(--global-kb-spacing-sm, 1.5rem);grid-template-columns:minmax(0, 2fr) minmax(0, 1fr);}.kb-row-layout-id15_1b7fc4-33 > .kt-row-layout-overlay{opacity:0.30;}@media all and (max-width: 1024px){.kb-row-layout-id15_1b7fc4-33 > .kt-row-column-wrap{grid-template-columns:minmax(0, 2fr) minmax(0, 1fr);}}@media all and (max-width: 767px){.kb-row-layout-id15_1b7fc4-33 > .kt-row-column-wrap{grid-template-columns:minmax(0, 1fr);}}<\/style><div class=\"kb-row-layout-wrap kb-row-layout-id15_1b7fc4-33 alignnone wp-block-kadence-rowlayout\"><div class=\"kt-row-column-wrap kt-has-2-columns kt-row-layout-left-golden kt-tab-layout-inherit kt-mobile-layout-row kt-row-valign-top kb-theme-content-width\">\n<style>.kadence-column15_9cb050-2f > .kt-inside-inner-col,.kadence-column15_9cb050-2f > .kt-inside-inner-col:before{border-top-left-radius:0px;border-top-right-radius:0px;border-bottom-right-radius:0px;border-bottom-left-radius:0px;}.kadence-column15_9cb050-2f > .kt-inside-inner-col{column-gap:var(--global-kb-gap-sm, 1rem);}.kadence-column15_9cb050-2f > .kt-inside-inner-col{flex-direction:column;}.kadence-column15_9cb050-2f > .kt-inside-inner-col > .aligncenter{width:100%;}.kadence-column15_9cb050-2f > .kt-inside-inner-col:before{opacity:0.3;}.kadence-column15_9cb050-2f{position:relative;}@media all and (max-width: 1024px){.kadence-column15_9cb050-2f > .kt-inside-inner-col{flex-direction:column;justify-content:center;}}@media all and (max-width: 767px){.kadence-column15_9cb050-2f > .kt-inside-inner-col{flex-direction:column;justify-content:center;}}<\/style>\n<div class=\"wp-block-kadence-column kadence-column15_9cb050-2f\"><div class=\"kt-inside-inner-col\"><style>.wp-block-kadence-advancedheading.kt-adv-heading15_06aa9d-97, .wp-block-kadence-advancedheading.kt-adv-heading15_06aa9d-97[data-kb-block=\"kb-adv-heading15_06aa9d-97\"]{font-style:normal;}.wp-block-kadence-advancedheading.kt-adv-heading15_06aa9d-97 mark.kt-highlight, .wp-block-kadence-advancedheading.kt-adv-heading15_06aa9d-97[data-kb-block=\"kb-adv-heading15_06aa9d-97\"] mark.kt-highlight{font-style:normal;color:#f76a0c;-webkit-box-decoration-break:clone;box-decoration-break:clone;padding-top:0px;padding-right:0px;padding-bottom:0px;padding-left:0px;}.wp-block-kadence-advancedheading.kt-adv-heading15_06aa9d-97 img.kb-inline-image, .wp-block-kadence-advancedheading.kt-adv-heading15_06aa9d-97[data-kb-block=\"kb-adv-heading15_06aa9d-97\"] img.kb-inline-image{width:150px;vertical-align:baseline;}<\/style>\n<h1 class=\"kt-adv-heading15_06aa9d-97 wp-block-kadence-advancedheading\" data-kb-block=\"kb-adv-heading15_06aa9d-97\">ABOUT <\/h1>\n\n\n<style>.wp-block-kadence-spacer.kt-block-spacer-15_2d74a0-f4 .kt-block-spacer{height:60px;}.wp-block-kadence-spacer.kt-block-spacer-15_2d74a0-f4 .kt-divider{border-top-width:1px;height:1px;border-top-color:var(--global-palette1, #3182CE);width:80%;border-top-style:solid;}<\/style>\n<div class=\"wp-block-kadence-spacer aligncenter kt-block-spacer-15_2d74a0-f4\"><div class=\"kt-block-spacer kt-block-spacer-halign-left\"><hr class=\"kt-divider\"\/><\/div><\/div>\n\n\n\n<p class=\"has-text-align-left\"><strong>Biographie <\/strong><\/p>\n\n\n\n<p class=\"has-text-align-left\">Originaire du Sud-Ouest de la France, Evangeline D grandit \u00e0 la campagne, au rythme des saisons, et d\u00e9veloppe tr\u00e8s t\u00f4t un lien profond avec la nature qui l&rsquo;entoure. Observer les paysages, respirer le parfum des fleurs : autant de gestes simples, instinctifs, presque sacr\u00e9s, qui deviennent pour elle, sa mani\u00e8re d&rsquo;habiter le monde. Tr\u00e8s t\u00f4t, la couleur \u00e9veille en elle une \u00e9motion intense et fondatrice. Son c\u0153ur s&rsquo;anime d\u00e9j\u00e0 de la vibration silencieuse de la cr\u00e9ation marquant les premiers \u00e9lans d&rsquo;une sensibilit\u00e9 artistique profonde.<\/p>\n\n\n\n<p>Form\u00e9e \u00e0 l\u2019Histoire de l\u2019Art et \u00e0 l\u2019Arch\u00e9ologie \u00e0 la Sorbonne, elle d\u00e9veloppe une connaissance fine des grands mouvements artistiques et des civilisations anciennes. Ses ann\u00e9es parisiennes, rythm\u00e9es par la fr\u00e9quentation assidue des mus\u00e9es et galeries d&rsquo;art nourrissent sa r\u00e9flexion et affinent son regard.<\/p>\n\n\n\n<p>Elle poursuit un Master II en conservation-restauration du patrimoine o\u00f9 elle se forme \u00e0 des techniques traditionnelles anciennes telles que la dorure et la fresque. Apr\u00e8s l&rsquo;obtention de son dipl\u00f4me, sa qu\u00eate de la mati\u00e8re la conduit en suivant \u00e0 l\u2019\u00c9cole Europ\u00e9enne de l\u2019Art et des Mati\u00e8res, o\u00f9 elle d\u00e9couvre la technique du stucco, un enduit fin compos\u00e9 de chaux, poudre de marbre et pigments naturels. Imm\u00e9diatement s\u00e9duite par les textures et les nuances offertes par la chaux, \u00e0 29 ans elle r\u00e9alise ses premi\u00e8res \u0153uvres, s&rsquo;appropriant ce mat\u00e9riau qui deviendra d\u00e8s lors son m\u00e9dium de pr\u00e9dilection.<\/p>\n\n\n\n<p>L\u2019ann\u00e9e suivante, elle franchit le seuil d\u2019une galerie toulousaine, un tableau sous le bras. Ce sera sa premi\u00e8re galerie, sa premi\u00e8re exposition, sa premi\u00e8re reconnaissance publique.<\/p>\n\n\n\n<p>En parall\u00e8le de sa pratique personnelle, Evangeline D a travaill\u00e9 au sein de mus\u00e9es fran\u00e7ais, o\u00f9 elle assurait la gestion de collections labellis\u00e9es \u00ab Mus\u00e9e de France \u00bb et exer\u00e7ait des fonctions de commissaire d&rsquo;expositions contemporaines. Ces exp\u00e9riences, \u00e0 la crois\u00e9e de la conservation et de la cr\u00e9ation, ont enrichi sa vision de l\u2019art, tout en approfondissant son rapport aux \u0153uvres et aux artistes.<\/p>\n\n\n\n<p class=\"has-text-align-left\">Aujourd\u2019hui, son travail se d\u00e9ploie entre commandes priv\u00e9es en France et \u00e0 l\u2019international, expositions et transmission. Elle anime des ateliers ouverts \u00e0 tous les publics (enfants, adultes, scolaires, personnes \u00e2g\u00e9es) pens\u00e9s comme des espaces de reconnexion \u00e0 la mati\u00e8re, \u00e0 soi, \u00e0 l\u2019\u00e9motion.<\/p>\n\n\n\n<p><strong>D\u00e9marche artistique <\/strong><\/p>\n\n\n\n<p>Pour \u00c9vang\u00e9line D, la mati\u00e8re est le point de d\u00e9part. Elle la choisit pour ce qu\u2019elle dit du monde : ses failles, ses silences, sa beaut\u00e9 brute. La chaux, la poudre de marbre, les terres naturelles, les charbons ou l&rsquo;or ne sont pas pour elle de simples mat\u00e9riaux mais des voix qu&rsquo;elle \u00e9coute et laisse parler. Chaque couche pos\u00e9e devient une strate de temps, un d\u00e9p\u00f4t d\u2019\u00e9motion. Sa pratique, empreinte de lenteur, de silence et de concentration, est profond\u00e9ment m\u00e9ditative.<\/p>\n\n\n\n<p>\u00c9vang\u00e9line D ne copie pas le r\u00e9el : elle en recueille les signes, les \u00e9chos, les r\u00e9sonances. Son art se d\u00e9ploie comme une arch\u00e9ologie du sensible, o\u00f9 la lumi\u00e8re, les failles et les nuances racontent autant le monde que notre relation \u00e0 lui.<\/p>\n\n\n\n<p>La nature occupe une place centrale dans son \u0153uvre. Depuis l\u2019enfance, elle entretient avec elle un lien organique et profond. Steppes arides, d\u00e9serts silencieux, sommets enneig\u00e9s, brumes terrestres, falaises g\u00e9antes ou \u00e9tendues lacustres peuplent ses tableaux. La nature n\u2019y est pas seulement un sujet, mais une pr\u00e9sence vivante. Elle est c\u00e9l\u00e9br\u00e9e dans sa puissance brute comme dans sa fragilit\u00e9, comme un souffle permanent qui traverse toute l\u2019\u0153uvre.<\/p>\n\n\n\n<p>Ses compositions invitent \u00e0 la contemplation, au ralentissement, au recueillement. Beaucoup les d\u00e9crivent comme apaisantes, tant elles ouvrent un espace de silence int\u00e9rieur et de voyage immobile. La couleur y joue un r\u00f4le essentiel, notamment le bleu outremer, qu\u2019elle affectionne pour sa profondeur vibrante et sa lumi\u00e8re int\u00e9rieure. Ce bleu, r\u00e9miniscence de ses voyages dans les Cyclades baign\u00e9es de mer et de lumi\u00e8re, instaure un dialogue \u00e9motionnel entre mati\u00e8re, souvenir et sensation.<\/p>\n\n\n\n<p>L\u2019univers d\u2019\u00c9vang\u00e9line D s\u2019\u00e9tend \u00e9galement \u00e0 la cr\u00e9ation d\u2019objets d\u2019art, prolongement naturel de sa recherche. Orn\u00e9s de peintures naturelles et d\u2019or fin 24 carats, ses objets captent la lumi\u00e8re avec d\u00e9licatesse et r\u00e9v\u00e8lent la po\u00e9sie des formes organiques. Le travail de l\u2019or, qu\u2019elle d\u00e9crit comme une exp\u00e9rience magique, quasi th\u00e9rapeutique, participe de cette alchimie entre geste, mati\u00e8re et esprit.<\/p>\n\n\n\n<p>Ses collages, enfin, prolongent cette d\u00e9marche po\u00e9tique et sensible. Assemblant fragments de papiers d\u00e9coup\u00e9s ou d\u00e9chir\u00e9s, l\u2019artiste redonne vie aux architectures endormies, temples antiques ou fresques disparues. Entre ruines imaginaires et vestiges r\u00e9invent\u00e9s, ces compositions deviennent des r\u00eaveries arch\u00e9ologiques, o\u00f9 l\u2019Histoire et le mythe se m\u00ealent \u00e0 la sensibilit\u00e9 contemporaine, instaurant un dialogue subtil avec ses peintures et ses objets d\u2019art.<\/p>\n\n\n\n<p>La pratique artistique d\u2019\u00c9vang\u00e9line D s\u2019inscrit ainsi dans un dialogue constant entre mati\u00e8re et lumi\u00e8re, nature et m\u00e9moire, silence et \u00e9motion. Elle offre au spectateur un espace de reconnexion, o\u00f9 l\u2019essentiel, ce qui ne se dit pas mais se ressent, trouve enfin un langage.<\/p>\n<\/div><\/div>\n\n\n<style>.kadence-column15_64d6c0-da > .kt-inside-inner-col{display:flex;}.kadence-column15_64d6c0-da > .kt-inside-inner-col,.kadence-column15_64d6c0-da > .kt-inside-inner-col:before{border-top-left-radius:0px;border-top-right-radius:0px;border-bottom-right-radius:0px;border-bottom-left-radius:0px;}.kadence-column15_64d6c0-da > .kt-inside-inner-col{column-gap:var(--global-kb-gap-sm, 1rem);}.kadence-column15_64d6c0-da > .kt-inside-inner-col{flex-direction:column;justify-content:flex-end;}.kadence-column15_64d6c0-da > .kt-inside-inner-col > .aligncenter{width:100%;}.kt-row-column-wrap > .kadence-column15_64d6c0-da{align-self:flex-end;}.kt-inner-column-height-full:not(.kt-has-1-columns) > .wp-block-kadence-column.kadence-column15_64d6c0-da{align-self:auto;}.kt-inner-column-height-full:not(.kt-has-1-columns) > .wp-block-kadence-column.kadence-column15_64d6c0-da > .kt-inside-inner-col{flex-direction:column;justify-content:flex-end;}.kadence-column15_64d6c0-da > .kt-inside-inner-col:before{opacity:0.3;}.kadence-column15_64d6c0-da{position:relative;}@media all and (max-width: 1024px){.kt-row-column-wrap > .kadence-column15_64d6c0-da{align-self:flex-end;}}@media all and (max-width: 1024px){.kt-inner-column-height-full:not(.kt-has-1-columns) > .wp-block-kadence-column.kadence-column15_64d6c0-da{align-self:auto;}}@media all and (max-width: 1024px){.kt-inner-column-height-full:not(.kt-has-1-columns) > .wp-block-kadence-column.kadence-column15_64d6c0-da > .kt-inside-inner-col{flex-direction:column;justify-content:flex-end;}}@media all and (max-width: 1024px){.kadence-column15_64d6c0-da > .kt-inside-inner-col{flex-direction:column;justify-content:flex-end;}}@media all and (max-width: 767px){.kt-row-column-wrap > .kadence-column15_64d6c0-da{align-self:flex-end;}.kt-inner-column-height-full:not(.kt-has-1-columns) > .wp-block-kadence-column.kadence-column15_64d6c0-da{align-self:auto;}.kt-inner-column-height-full:not(.kt-has-1-columns) > .wp-block-kadence-column.kadence-column15_64d6c0-da > .kt-inside-inner-col{flex-direction:column;justify-content:flex-end;}.kadence-column15_64d6c0-da > .kt-inside-inner-col{flex-direction:column;justify-content:flex-end;}}<\/style>\n<div class=\"wp-block-kadence-column kadence-column15_64d6c0-da kb-section-dir-vertical\"><div class=\"kt-inside-inner-col\"><style>.kb-image15_dc6d94-49.kb-image-is-ratio-size, .kb-image15_dc6d94-49 .kb-image-is-ratio-size{max-width:336px;width:100%;}.wp-block-kadence-column > .kt-inside-inner-col > .kb-image15_dc6d94-49.kb-image-is-ratio-size, .wp-block-kadence-column > .kt-inside-inner-col > .kb-image15_dc6d94-49 .kb-image-is-ratio-size{align-self:unset;}.kb-image15_dc6d94-49 figure{max-width:336px;}.kb-image15_dc6d94-49 .image-is-svg, .kb-image15_dc6d94-49 .image-is-svg img{width:100%;}.kb-image15_dc6d94-49:not(.kb-image-is-ratio-size) .kb-img, .kb-image15_dc6d94-49.kb-image-is-ratio-size{padding-top:0px;}.kb-image15_dc6d94-49 .kb-image-has-overlay:after{opacity:0.3;border-top-left-radius:0px;border-top-right-radius:0px;border-bottom-right-radius:0px;border-bottom-left-radius:0px;}.kb-image15_dc6d94-49 img.kb-img, .kb-image15_dc6d94-49 .kb-img img{border-top-left-radius:0px;border-top-right-radius:0px;border-bottom-right-radius:0px;border-bottom-left-radius:0px;}<\/style>\n<div class=\"wp-block-kadence-image kb-image15_dc6d94-49\"><figure class=\"aligncenter size-large\"><img loading=\"lazy\" decoding=\"async\" width=\"1024\" height=\"768\" src=\"http:\/\/evangeline-d.com\/wp-content\/uploads\/2024\/12\/IMG_6593-1024x768.jpg\" alt=\"\" class=\"kb-img wp-image-85\" srcset=\"https:\/\/evangeline-d.com\/wp-content\/uploads\/2024\/12\/IMG_6593-1024x768.jpg 1024w, https:\/\/evangeline-d.com\/wp-content\/uploads\/2024\/12\/IMG_6593-300x225.jpg 300w, https:\/\/evangeline-d.com\/wp-content\/uploads\/2024\/12\/IMG_6593-768x576.jpg 768w, https:\/\/evangeline-d.com\/wp-content\/uploads\/2024\/12\/IMG_6593-1536x1152.jpg 1536w, https:\/\/evangeline-d.com\/wp-content\/uploads\/2024\/12\/IMG_6593-2048x1536.jpg 2048w\" sizes=\"auto, (max-width: 1024px) 100vw, 1024px\" \/><\/figure><\/div>\n<\/div><\/div>\n\n<\/div><\/div>\n\n\n<p><\/p>","protected":false},"excerpt":{"rendered":"<p>A PROPOS Biographie Originaire du Sud-Ouest de la France, Evangeline D grandit \u00e0 la campagne, au rythme des saisons, et d\u00e9veloppe tr\u00e8s t\u00f4t un lien profond avec la nature qui l&rsquo;entoure. Observer les paysages, respirer le parfum des fleurs : autant de gestes simples, instinctifs, presque sacr\u00e9s, qui deviennent pour elle, sa mani\u00e8re d&rsquo;habiter le&#8230;<\/p>","protected":false},"author":1,"featured_media":0,"parent":0,"menu_order":0,"comment_status":"closed","ping_status":"closed","template":"","meta":{"_kad_post_transparent":"","_kad_post_title":"","_kad_post_layout":"","_kad_post_sidebar_id":"","_kad_post_content_style":"","_kad_post_vertical_padding":"","_kad_post_feature":"","_kad_post_feature_position":"","_kad_post_header":false,"_kad_post_footer":false,"_kad_post_classname":"","slim_seo":{"title":"A Propos - Evangeline D","description":"Dipl\u00f4m\u00e9e en histoire de l'art et arch\u00e9ologie \u00e0 la Sorbonne, Evang\u00e9line se forme aux techniques telles que la dorure, la peinture \u00e0 l'huile ou la fresque."},"footnotes":""},"class_list":["post-15","page","type-page","status-publish","hentry"],"_links":{"self":[{"href":"https:\/\/evangeline-d.com\/en\/wp-json\/wp\/v2\/pages\/15","targetHints":{"allow":["GET"]}}],"collection":[{"href":"https:\/\/evangeline-d.com\/en\/wp-json\/wp\/v2\/pages"}],"about":[{"href":"https:\/\/evangeline-d.com\/en\/wp-json\/wp\/v2\/types\/page"}],"author":[{"embeddable":true,"href":"https:\/\/evangeline-d.com\/en\/wp-json\/wp\/v2\/users\/1"}],"replies":[{"embeddable":true,"href":"https:\/\/evangeline-d.com\/en\/wp-json\/wp\/v2\/comments?post=15"}],"version-history":[{"count":22,"href":"https:\/\/evangeline-d.com\/en\/wp-json\/wp\/v2\/pages\/15\/revisions"}],"predecessor-version":[{"id":948,"href":"https:\/\/evangeline-d.com\/en\/wp-json\/wp\/v2\/pages\/15\/revisions\/948"}],"wp:attachment":[{"href":"https:\/\/evangeline-d.com\/en\/wp-json\/wp\/v2\/media?parent=15"}],"curies":[{"name":"wp","href":"https:\/\/api.w.org\/{rel}","templated":true}]}}