{"id":17,"date":"2024-12-01T00:33:31","date_gmt":"2024-11-30T23:33:31","guid":{"rendered":"https:\/\/evangeline-d.com\/?page_id=17"},"modified":"2026-01-21T16:25:12","modified_gmt":"2026-01-21T15:25:12","slug":"actualites","status":"publish","type":"page","link":"https:\/\/evangeline-d.com\/en\/actualites\/","title":{"rendered":"NEWS"},"content":{"rendered":"<style>.kb-row-layout-id17_b88fa7-b7 > .kt-row-column-wrap{align-content:start;}:where(.kb-row-layout-id17_b88fa7-b7 > .kt-row-column-wrap) > .wp-block-kadence-column{justify-content:start;}.kb-row-layout-id17_b88fa7-b7 > .kt-row-column-wrap{column-gap:var(--global-kb-gap-md, 2rem);row-gap:var(--global-kb-gap-md, 2rem);padding-top:var(--global-kb-spacing-sm, 1.5rem);padding-bottom:var(--global-kb-spacing-sm, 1.5rem);grid-template-columns:minmax(0, calc(50% - ((var(--global-kb-gap-md, 2rem) * 1 )\/2)))minmax(0, calc(50% - ((var(--global-kb-gap-md, 2rem) * 1 )\/2)));}.kb-row-layout-id17_b88fa7-b7 > .kt-row-layout-overlay{opacity:0.30;}@media all and (max-width: 1024px){.kb-row-layout-id17_b88fa7-b7 > .kt-row-column-wrap{grid-template-columns:repeat(2, minmax(0, 1fr));}}@media all and (max-width: 767px){.kb-row-layout-id17_b88fa7-b7 > .kt-row-column-wrap{grid-template-columns:minmax(0, 1fr);}}<\/style><div class=\"kb-row-layout-wrap kb-row-layout-id17_b88fa7-b7 alignnone wp-block-kadence-rowlayout\"><div class=\"kt-row-column-wrap kt-has-2-columns kt-row-layout-equal kt-tab-layout-inherit kt-mobile-layout-row kt-row-valign-top\">\n<style>.kadence-column17_7b9c9c-f4 > .kt-inside-inner-col,.kadence-column17_7b9c9c-f4 > .kt-inside-inner-col:before{border-top-left-radius:0px;border-top-right-radius:0px;border-bottom-right-radius:0px;border-bottom-left-radius:0px;}.kadence-column17_7b9c9c-f4 > .kt-inside-inner-col{column-gap:var(--global-kb-gap-sm, 1rem);}.kadence-column17_7b9c9c-f4 > .kt-inside-inner-col{flex-direction:column;}.kadence-column17_7b9c9c-f4 > .kt-inside-inner-col > .aligncenter{width:100%;}.kadence-column17_7b9c9c-f4 > .kt-inside-inner-col:before{opacity:0.3;}.kadence-column17_7b9c9c-f4{position:relative;}@media all and (max-width: 1024px){.kadence-column17_7b9c9c-f4 > .kt-inside-inner-col{flex-direction:column;justify-content:center;}}@media all and (max-width: 767px){.kadence-column17_7b9c9c-f4 > .kt-inside-inner-col{flex-direction:column;justify-content:center;}}<\/style>\n<div class=\"wp-block-kadence-column kadence-column17_7b9c9c-f4\"><div class=\"kt-inside-inner-col\"><style>.wp-block-kadence-advancedheading.kt-adv-heading17_d03296-27, .wp-block-kadence-advancedheading.kt-adv-heading17_d03296-27[data-kb-block=\"kb-adv-heading17_d03296-27\"]{font-style:normal;}.wp-block-kadence-advancedheading.kt-adv-heading17_d03296-27 mark.kt-highlight, .wp-block-kadence-advancedheading.kt-adv-heading17_d03296-27[data-kb-block=\"kb-adv-heading17_d03296-27\"] mark.kt-highlight{font-style:normal;color:#f76a0c;-webkit-box-decoration-break:clone;box-decoration-break:clone;padding-top:0px;padding-right:0px;padding-bottom:0px;padding-left:0px;}.wp-block-kadence-advancedheading.kt-adv-heading17_d03296-27 img.kb-inline-image, .wp-block-kadence-advancedheading.kt-adv-heading17_d03296-27[data-kb-block=\"kb-adv-heading17_d03296-27\"] img.kb-inline-image{width:150px;vertical-align:baseline;}<\/style>\n<h1 class=\"kt-adv-heading17_d03296-27 wp-block-kadence-advancedheading\" data-kb-block=\"kb-adv-heading17_d03296-27\">NEWS<\/h1>\n\n\n<style>.wp-block-kadence-spacer.kt-block-spacer-17_1df7ec-82 .kt-block-spacer{height:60px;}.wp-block-kadence-spacer.kt-block-spacer-17_1df7ec-82 .kt-divider{border-top-width:1px;height:1px;border-top-color:var(--global-palette1, #3182CE);width:100%;border-top-style:solid;}<\/style>\n<div class=\"wp-block-kadence-spacer aligncenter kt-block-spacer-17_1df7ec-82\"><div class=\"kt-block-spacer kt-block-spacer-halign-left\"><hr class=\"kt-divider\"\/><\/div><\/div>\n\n\n\n<figure class=\"wp-block-gallery has-nested-images columns-default is-cropped wp-block-gallery-1 is-layout-flex wp-block-gallery-is-layout-flex\">\n<figure class=\"wp-block-image size-large\"><img loading=\"lazy\" decoding=\"async\" width=\"794\" height=\"1024\" data-id=\"990\" src=\"https:\/\/evangeline-d.com\/wp-content\/uploads\/2026\/01\/1000043437-2-794x1024.jpg\" alt=\"1000043437\" class=\"wp-image-990\" srcset=\"https:\/\/evangeline-d.com\/wp-content\/uploads\/2026\/01\/1000043437-2-794x1024.jpg 794w, https:\/\/evangeline-d.com\/wp-content\/uploads\/2026\/01\/1000043437-2-233x300.jpg 233w, https:\/\/evangeline-d.com\/wp-content\/uploads\/2026\/01\/1000043437-2-768x991.jpg 768w, https:\/\/evangeline-d.com\/wp-content\/uploads\/2026\/01\/1000043437-2-9x12.jpg 9w, https:\/\/evangeline-d.com\/wp-content\/uploads\/2026\/01\/1000043437-2.jpg 992w\" sizes=\"auto, (max-width: 794px) 100vw, 794px\" \/><\/figure>\n<\/figure>\n<\/div><\/div>\n\n\n<style>.kadence-column17_69952f-e0 > .kt-inside-inner-col,.kadence-column17_69952f-e0 > .kt-inside-inner-col:before{border-top-left-radius:0px;border-top-right-radius:0px;border-bottom-right-radius:0px;border-bottom-left-radius:0px;}.kadence-column17_69952f-e0 > .kt-inside-inner-col{column-gap:var(--global-kb-gap-sm, 1rem);}.kadence-column17_69952f-e0 > .kt-inside-inner-col{flex-direction:column;}.kadence-column17_69952f-e0 > .kt-inside-inner-col > .aligncenter{width:100%;}.kadence-column17_69952f-e0 > .kt-inside-inner-col:before{opacity:0.3;}.kadence-column17_69952f-e0{position:relative;}@media all and (max-width: 1024px){.kadence-column17_69952f-e0 > .kt-inside-inner-col{flex-direction:column;justify-content:center;}}@media all and (max-width: 767px){.kadence-column17_69952f-e0 > .kt-inside-inner-col{flex-direction:column;justify-content:center;}}<\/style>\n<div class=\"wp-block-kadence-column kadence-column17_69952f-e0\"><div class=\"kt-inside-inner-col\"><style>.wp-block-kadence-advancedheading.kt-adv-heading17_5fc25f-52, .wp-block-kadence-advancedheading.kt-adv-heading17_5fc25f-52[data-kb-block=\"kb-adv-heading17_5fc25f-52\"]{font-style:normal;}.wp-block-kadence-advancedheading.kt-adv-heading17_5fc25f-52 mark.kt-highlight, .wp-block-kadence-advancedheading.kt-adv-heading17_5fc25f-52[data-kb-block=\"kb-adv-heading17_5fc25f-52\"] mark.kt-highlight{font-style:normal;color:#f76a0c;-webkit-box-decoration-break:clone;box-decoration-break:clone;padding-top:0px;padding-right:0px;padding-bottom:0px;padding-left:0px;}.wp-block-kadence-advancedheading.kt-adv-heading17_5fc25f-52 img.kb-inline-image, .wp-block-kadence-advancedheading.kt-adv-heading17_5fc25f-52[data-kb-block=\"kb-adv-heading17_5fc25f-52\"] img.kb-inline-image{width:150px;vertical-align:baseline;}<\/style>\n<h1 class=\"kt-adv-heading17_5fc25f-52 wp-block-kadence-advancedheading\" data-kb-block=\"kb-adv-heading17_5fc25f-52\">EXPOSITIONS<\/h1>\n\n\n<style>.wp-block-kadence-spacer.kt-block-spacer-17_76fd1d-e6 .kt-block-spacer{height:60px;}.wp-block-kadence-spacer.kt-block-spacer-17_76fd1d-e6 .kt-divider{border-top-width:1px;height:1px;border-top-color:var(--global-palette1, #3182CE);width:100%;border-top-style:solid;}<\/style>\n<div class=\"wp-block-kadence-spacer aligncenter kt-block-spacer-17_76fd1d-e6\"><div class=\"kt-block-spacer kt-block-spacer-halign-left\"><hr class=\"kt-divider\"\/><\/div><\/div>\n\n\n\n<h2 class=\"wp-block-heading has-small-font-size\"><strong>EXPOSITIONS PERSONNELLES<\/strong><\/h2>\n\n\n\n<figure style=\"line-height:1\" class=\"wp-block-table has-small-font-size\"><table style=\"border-style:none;border-width:0px\"><tbody><tr><td><strong>2025<\/strong><\/td><td>Les Grands Espaces &amp; Contrastes \u2013&nbsp;<strong>Passage Carnot<\/strong>&nbsp;\u2013 Pau<\/td><\/tr><tr><td><\/td><td><\/td><\/tr><tr><td><strong>2019<\/strong><\/td><td>Les Grands Espaces \u2013&nbsp;<strong>Galerie Jahno Factory<\/strong>&nbsp;\u2013 Rabastens<\/td><\/tr><\/tbody><\/table><\/figure>\n\n\n\n<h2 class=\"wp-block-heading has-small-font-size\"><strong>EXPOSITIONS COLLECTIVES<\/strong><\/h2>\n\n\n\n<figure class=\"wp-block-table is-style-regular has-small-font-size\" style=\"margin-top:0;margin-bottom:0;padding-top:0;padding-right:0;padding-bottom:0;padding-left:0;line-height:1\"><table style=\"border-style:none;border-width:0px\"><tbody><tr><td><strong>2026<\/strong><br><br><br><br><br><br><strong>2025<\/strong><\/td><td><strong>Lions Club Paris Concorde<\/strong> \u2013 Mairie du 8e \u2013 Paris<br><strong><br>Salon art3f<\/strong> \u2013 MEETT \u2013 Toulouse<br><br><br><br><strong>Les 111 des Arts\u00a0<\/strong>\u2013 Mairie du 8e \u2013 Paris<\/td><\/tr><tr><td><\/td><td><strong>Salon art3f&nbsp;<\/strong>\u2013 Parc des Expositions \u2013 Bordeaux<\/td><\/tr><tr><td><\/td><td><\/td><\/tr><tr><td><strong>2022<\/strong><\/td><td><strong>Galerie La Mosa\u00efque<\/strong>&nbsp;\u2013 Saint-Jean<\/td><\/tr><tr><td><\/td><td><strong>Les 111 des Arts<\/strong>&nbsp;\u2013 H\u00f4tel de Ville \u2013 Lyon<\/td><\/tr><tr><td><\/td><td><strong>Galerie du Petit Lavoir<\/strong>&nbsp;\u2013 Saint-Pardoux<\/td><\/tr><tr><td><\/td><td><\/td><\/tr><tr><td><strong>2021<\/strong><\/td><td><strong>Exposition Cent Titre(s)<\/strong>&nbsp;\u2013 Atelier Rochebrune \u2013 Paris 11e<\/td><\/tr><tr><td><\/td><td><\/td><\/tr><tr><td><strong>2019<\/strong><\/td><td><strong>Exposition Cent Titre(s)<\/strong>&nbsp;\u2013 Atelier Rochebrune \u2013 Paris 11e<\/td><\/tr><tr><td><\/td><td><strong>Paris Artistes<\/strong>&nbsp;\u2013 Bastille Design Center \u2013 Paris 11e<\/td><\/tr><tr><td><\/td><td><strong>Paris Artistes<\/strong>&nbsp;\u2013 Espace Commines \u2013 Paris 3e<\/td><\/tr><tr><td><\/td><td><\/td><\/tr><tr><td><strong>2018<\/strong><\/td><td><strong>Les 111 des Arts<\/strong>&nbsp;\u2013 H\u00f4tel de Ville \u2013 Lyon<\/td><\/tr><tr><td><\/td><td><strong>Les 111 des Arts<\/strong>&nbsp;\u2013 H\u00f4tel-Dieu \u2013 Toulouse<\/td><\/tr><tr><td><\/td><td><strong>Les 111 des Arts<\/strong>&nbsp;\u2013 Mairie du 8e \u2013 Paris<\/td><\/tr><tr><td><\/td><td><strong>Grand Salon International du Petit Format<\/strong>&nbsp;\u2013 Toulouse<\/td><\/tr><tr><td><\/td><td><\/td><\/tr><tr><td><strong>2017<\/strong><\/td><td><strong>Les 111 des Arts<\/strong>&nbsp;\u2013 H\u00f4tel Dieu \u2013 Toulouse<\/td><\/tr><tr><td><\/td><td><strong>Les 111 des Arts<\/strong>&nbsp;\u2013 Mairie du 8e \u2013 Paris<\/td><\/tr><tr><td><\/td><td><\/td><\/tr><tr><td><strong>2010<\/strong><br><strong>2013<\/strong><\/td><td><strong>Galerie Tokade<\/strong>&nbsp;\u2013 Toulouse, France<\/td><\/tr><tr><td><\/td><td><\/td><\/tr><\/tbody><\/table><\/figure>\n<\/div><\/div>\n\n<\/div><\/div>\n\n\n<p><\/p>","protected":false},"excerpt":{"rendered":"<p>ACTUALITES EXPOSITIONS EXPOSITIONS PERSONNELLES 2025 Les Grands Espaces &amp; Contrastes \u2013&nbsp;Passage Carnot&nbsp;\u2013 Pau 2019 Les Grands Espaces \u2013&nbsp;Galerie Jahno Factory&nbsp;\u2013 Rabastens EXPOSITIONS COLLECTIVES 2026 2025 Lions Club Paris Concorde \u2013 Mairie du 8e \u2013 ParisSalon art3f \u2013 MEETT \u2013 Toulouse Les 111 des Arts\u00a0\u2013 Mairie du 8e \u2013 Paris Salon art3f&nbsp;\u2013 Parc des Expositions \u2013&#8230;<\/p>","protected":false},"author":1,"featured_media":0,"parent":0,"menu_order":0,"comment_status":"closed","ping_status":"closed","template":"","meta":{"_kad_post_transparent":"","_kad_post_title":"","_kad_post_layout":"default","_kad_post_sidebar_id":"","_kad_post_content_style":"unboxed","_kad_post_vertical_padding":"default","_kad_post_feature":"","_kad_post_feature_position":"","_kad_post_header":false,"_kad_post_footer":false,"_kad_post_classname":"","slim_seo":{"title":"Actualit\u00e9s - Evangeline D","description":"Retrouvez ici les derni\u00e8res expositions r\u00e9alis\u00e9es, et celles \u00e0 venir !"},"footnotes":""},"class_list":["post-17","page","type-page","status-publish","hentry"],"_links":{"self":[{"href":"https:\/\/evangeline-d.com\/en\/wp-json\/wp\/v2\/pages\/17","targetHints":{"allow":["GET"]}}],"collection":[{"href":"https:\/\/evangeline-d.com\/en\/wp-json\/wp\/v2\/pages"}],"about":[{"href":"https:\/\/evangeline-d.com\/en\/wp-json\/wp\/v2\/types\/page"}],"author":[{"embeddable":true,"href":"https:\/\/evangeline-d.com\/en\/wp-json\/wp\/v2\/users\/1"}],"replies":[{"embeddable":true,"href":"https:\/\/evangeline-d.com\/en\/wp-json\/wp\/v2\/comments?post=17"}],"version-history":[{"count":81,"href":"https:\/\/evangeline-d.com\/en\/wp-json\/wp\/v2\/pages\/17\/revisions"}],"predecessor-version":[{"id":991,"href":"https:\/\/evangeline-d.com\/en\/wp-json\/wp\/v2\/pages\/17\/revisions\/991"}],"wp:attachment":[{"href":"https:\/\/evangeline-d.com\/en\/wp-json\/wp\/v2\/media?parent=17"}],"curies":[{"name":"wp","href":"https:\/\/api.w.org\/{rel}","templated":true}]}}