{"id":190,"date":"2024-12-05T23:08:29","date_gmt":"2024-12-05T22:08:29","guid":{"rendered":"https:\/\/evangeline-d.com\/?page_id=190"},"modified":"2025-02-17T23:19:08","modified_gmt":"2025-02-17T22:19:08","slug":"objets-dart","status":"publish","type":"page","link":"https:\/\/evangeline-d.com\/en\/objets-dart\/","title":{"rendered":"Objets d&rsquo;art"},"content":{"rendered":"<style>.kadence-column190_55f474-a6 > .kt-inside-inner-col,.kadence-column190_55f474-a6 > .kt-inside-inner-col:before{border-top-left-radius:0px;border-top-right-radius:0px;border-bottom-right-radius:0px;border-bottom-left-radius:0px;}.kadence-column190_55f474-a6 > .kt-inside-inner-col{column-gap:var(--global-kb-gap-sm, 1rem);}.kadence-column190_55f474-a6 > .kt-inside-inner-col{flex-direction:column;}.kadence-column190_55f474-a6 > .kt-inside-inner-col > .aligncenter{width:100%;}.kadence-column190_55f474-a6 > .kt-inside-inner-col:before{opacity:0.3;}.kadence-column190_55f474-a6{position:relative;}@media all and (max-width: 1024px){.kadence-column190_55f474-a6 > .kt-inside-inner-col{flex-direction:column;justify-content:center;}}@media all and (max-width: 767px){.kadence-column190_55f474-a6 > .kt-inside-inner-col{flex-direction:column;justify-content:center;}}<\/style>\n<div class=\"wp-block-kadence-column kadence-column190_55f474-a6\"><div class=\"kt-inside-inner-col\"><style>.wp-block-kadence-advancedheading.kt-adv-heading190_e3a5c7-2d, .wp-block-kadence-advancedheading.kt-adv-heading190_e3a5c7-2d[data-kb-block=\"kb-adv-heading190_e3a5c7-2d\"]{font-style:normal;}.wp-block-kadence-advancedheading.kt-adv-heading190_e3a5c7-2d mark.kt-highlight, .wp-block-kadence-advancedheading.kt-adv-heading190_e3a5c7-2d[data-kb-block=\"kb-adv-heading190_e3a5c7-2d\"] mark.kt-highlight{font-style:normal;color:#f76a0c;-webkit-box-decoration-break:clone;box-decoration-break:clone;padding-top:0px;padding-right:0px;padding-bottom:0px;padding-left:0px;}.wp-block-kadence-advancedheading.kt-adv-heading190_e3a5c7-2d img.kb-inline-image, .wp-block-kadence-advancedheading.kt-adv-heading190_e3a5c7-2d[data-kb-block=\"kb-adv-heading190_e3a5c7-2d\"] img.kb-inline-image{width:150px;vertical-align:baseline;}<\/style>\n<h1 class=\"kt-adv-heading190_e3a5c7-2d wp-block-kadence-advancedheading\" data-kb-block=\"kb-adv-heading190_e3a5c7-2d\">ART OBJECTS<\/h1>\n\n\n<style>.wp-block-kadence-advancedheading.kt-adv-heading190_b9f30b-5d, .wp-block-kadence-advancedheading.kt-adv-heading190_b9f30b-5d[data-kb-block=\"kb-adv-heading190_b9f30b-5d\"]{text-align:left;font-style:normal;font-family:var( --global-heading-font-family, inherit );}.wp-block-kadence-advancedheading.kt-adv-heading190_b9f30b-5d mark.kt-highlight, .wp-block-kadence-advancedheading.kt-adv-heading190_b9f30b-5d[data-kb-block=\"kb-adv-heading190_b9f30b-5d\"] mark.kt-highlight{font-style:normal;color:#f76a0c;-webkit-box-decoration-break:clone;box-decoration-break:clone;padding-top:0px;padding-right:0px;padding-bottom:0px;padding-left:0px;}.wp-block-kadence-advancedheading.kt-adv-heading190_b9f30b-5d img.kb-inline-image, .wp-block-kadence-advancedheading.kt-adv-heading190_b9f30b-5d[data-kb-block=\"kb-adv-heading190_b9f30b-5d\"] img.kb-inline-image{width:150px;vertical-align:baseline;}<\/style>\n<h2 class=\"kt-adv-heading190_b9f30b-5d wp-block-kadence-advancedheading\" data-kb-block=\"kb-adv-heading190_b9f30b-5d\">\u201cReveal, highlight, sublimate Nature\u201d<\/h2>\n\n\n\n<blockquote class=\"wp-block-quote is-layout-flow wp-block-quote-is-layout-flow\">\n<p class=\"has-text-align-left\">In the heart of winter, \u00c9vang\u00e9line explore the country and the seaside in search of unique natural elements. The sun, the rain, the wind, the frost, the snow, have shaped their skin. After a long drying process, apples, fig leaves, giant Chinese quinces and many others, are revealed thanks to the application of natural paints and fine 24-carat gold.&nbsp;<\/p>\n<\/blockquote>\n\n\n\n<p><\/p>\n<\/div><\/div>\n\n\n<style>.wp-block-kadence-advancedgallery .kb-gallery-type-grid.kb-gallery-id-190_9e48e9-21{margin:-5px;}.kb-gallery-type-grid.kb-gallery-id-190_9e48e9-21 .kadence-blocks-gallery-item{padding:5px;}.kb-gallery-id-190_9e48e9-21 .kadence-blocks-gallery-item .kb-gal-image-radius, .kb-gallery-id-190_9e48e9-21 .kb-slide-item .kb-gal-image-radius img{border-radius:0px 0px 0px 0px;;}<\/style><div class=\"kb-gallery-wrap-id-190_9e48e9-21 alignnone wp-block-kadence-advancedgallery\"><ul class=\"kb-gallery-ul kb-gallery-non-static kb-gallery-type-grid kb-gallery-id-190_9e48e9-21 kb-gallery-caption-style-bottom-hover kb-gallery-filter-none kb-gallery-magnific-init\" data-image-filter=\"none\" data-item-selector=\".kadence-blocks-gallery-item\" data-lightbox-caption=\"true\" data-columns-xxl=\"3\" data-columns-xl=\"3\" data-columns-md=\"3\" data-columns-sm=\"2\" data-columns-xs=\"2\" data-columns-ss=\"2\"><li class=\"kadence-blocks-gallery-item\"><div class=\"kadence-blocks-gallery-item-inner\"><figure class=\"kb-gallery-figure kb-gallery-item-has-link kadence-blocks-gallery-item-hide-caption\"><a href=\"https:\/\/evangeline-d.com\/wp-content\/uploads\/2024\/12\/Orfeo-1.jpg\" data-description=\"Pomme s\u00e9ch\u00e9e &amp; dor\u00e9e \u00e0 l&#039;or 24 carats, pigment bleu outremer, 2021.\" data-alt=\"Orf\u00e9o\" class=\"kb-gallery-item-link\"   role=\"button\" aria-haspopup=\"dialog\"><div class=\"kb-gal-image-radius\"><div class=\"kb-gallery-image-contain kadence-blocks-gallery-intrinsic kb-gallery-image-ratio-square kb-has-image-ratio-square\" ><img loading=\"lazy\" decoding=\"async\" src=\"https:\/\/evangeline-d.com\/wp-content\/uploads\/2024\/12\/Orfeo-1-1024x1024.jpg\" width=\"1024\" height=\"1024\" alt=\"Orf\u00e9o\" data-full-image=\"https:\/\/evangeline-d.com\/wp-content\/uploads\/2024\/12\/Orfeo-1.jpg\" data-light-image=\"https:\/\/evangeline-d.com\/wp-content\/uploads\/2024\/12\/Orfeo-1.jpg\" data-id=\"557\" class=\"wp-image-557\" srcset=\"https:\/\/evangeline-d.com\/wp-content\/uploads\/2024\/12\/Orfeo-1-1024x1024.jpg 1024w, https:\/\/evangeline-d.com\/wp-content\/uploads\/2024\/12\/Orfeo-1-300x300.jpg 300w, https:\/\/evangeline-d.com\/wp-content\/uploads\/2024\/12\/Orfeo-1-150x150.jpg 150w, https:\/\/evangeline-d.com\/wp-content\/uploads\/2024\/12\/Orfeo-1-768x768.jpg 768w, https:\/\/evangeline-d.com\/wp-content\/uploads\/2024\/12\/Orfeo-1-1536x1536.jpg 1536w, https:\/\/evangeline-d.com\/wp-content\/uploads\/2024\/12\/Orfeo-1-2048x2048.jpg 2048w\" sizes=\"auto, (max-width: 1024px) 100vw, 1024px\" \/><\/div><\/div><\/a><\/figure><\/div><\/li><li class=\"kadence-blocks-gallery-item\"><div class=\"kadence-blocks-gallery-item-inner\"><figure class=\"kb-gallery-figure kb-gallery-item-has-link kadence-blocks-gallery-item-hide-caption\"><a href=\"http:\/\/evangeline-d.com\/wp-content\/uploads\/2024\/12\/Orfeo-10.jpg\" data-description=\"Feuille de figuier s\u00e9ch\u00e9e &amp; dor\u00e9e \u00e0 l&#039;or 24 carats, terre grise, 2021.\" data-alt=\"Oznormb\" class=\"kb-gallery-item-link\"   role=\"button\" aria-haspopup=\"dialog\"><div class=\"kb-gal-image-radius\"><div class=\"kb-gallery-image-contain kadence-blocks-gallery-intrinsic kb-gallery-image-ratio-square kb-has-image-ratio-square\" ><img loading=\"lazy\" decoding=\"async\" src=\"http:\/\/evangeline-d.com\/wp-content\/uploads\/2024\/12\/Orfeo-10-1024x1024.jpg\" width=\"1024\" height=\"1024\" alt=\"Oznormb\" data-full-image=\"http:\/\/evangeline-d.com\/wp-content\/uploads\/2024\/12\/Orfeo-10.jpg\" data-light-image=\"http:\/\/evangeline-d.com\/wp-content\/uploads\/2024\/12\/Orfeo-10.jpg\" data-id=\"455\" class=\"wp-image-455\" srcset=\"https:\/\/evangeline-d.com\/wp-content\/uploads\/2024\/12\/Orfeo-10-1024x1024.jpg 1024w, https:\/\/evangeline-d.com\/wp-content\/uploads\/2024\/12\/Orfeo-10-300x300.jpg 300w, https:\/\/evangeline-d.com\/wp-content\/uploads\/2024\/12\/Orfeo-10-150x150.jpg 150w, https:\/\/evangeline-d.com\/wp-content\/uploads\/2024\/12\/Orfeo-10-768x768.jpg 768w, https:\/\/evangeline-d.com\/wp-content\/uploads\/2024\/12\/Orfeo-10-1536x1536.jpg 1536w, https:\/\/evangeline-d.com\/wp-content\/uploads\/2024\/12\/Orfeo-10.jpg 2000w\" sizes=\"auto, (max-width: 1024px) 100vw, 1024px\" \/><\/div><\/div><\/a><\/figure><\/div><\/li><li class=\"kadence-blocks-gallery-item\"><div class=\"kadence-blocks-gallery-item-inner\"><figure class=\"kb-gallery-figure kb-gallery-item-has-link kadence-blocks-gallery-item-hide-caption\"><a href=\"http:\/\/evangeline-d.com\/wp-content\/uploads\/2024\/12\/IMG_20210908_174139.jpg\" data-description=\"Coing g\u00e9ant de Chine s\u00e9ch\u00e9 &amp; dor\u00e9 \u00e0 l&#039;or 24 carats, blanc de titane, 2021.\" data-alt=\"Oznormb\" class=\"kb-gallery-item-link\"   role=\"button\" aria-haspopup=\"dialog\"><div class=\"kb-gal-image-radius\"><div class=\"kb-gallery-image-contain kadence-blocks-gallery-intrinsic kb-gallery-image-ratio-square kb-has-image-ratio-square\" ><img loading=\"lazy\" decoding=\"async\" src=\"http:\/\/evangeline-d.com\/wp-content\/uploads\/2024\/12\/IMG_20210908_174139-1024x1024.jpg\" width=\"1024\" height=\"1024\" alt=\"Oznormb\" data-full-image=\"http:\/\/evangeline-d.com\/wp-content\/uploads\/2024\/12\/IMG_20210908_174139.jpg\" data-light-image=\"http:\/\/evangeline-d.com\/wp-content\/uploads\/2024\/12\/IMG_20210908_174139.jpg\" data-id=\"442\" class=\"wp-image-442\" srcset=\"https:\/\/evangeline-d.com\/wp-content\/uploads\/2024\/12\/IMG_20210908_174139-1024x1024.jpg 1024w, https:\/\/evangeline-d.com\/wp-content\/uploads\/2024\/12\/IMG_20210908_174139-300x300.jpg 300w, https:\/\/evangeline-d.com\/wp-content\/uploads\/2024\/12\/IMG_20210908_174139-150x150.jpg 150w, https:\/\/evangeline-d.com\/wp-content\/uploads\/2024\/12\/IMG_20210908_174139-768x768.jpg 768w, https:\/\/evangeline-d.com\/wp-content\/uploads\/2024\/12\/IMG_20210908_174139-1536x1536.jpg 1536w, https:\/\/evangeline-d.com\/wp-content\/uploads\/2024\/12\/IMG_20210908_174139.jpg 2000w\" sizes=\"auto, (max-width: 1024px) 100vw, 1024px\" \/><\/div><\/div><\/a><\/figure><\/div><\/li><li class=\"kadence-blocks-gallery-item\"><div class=\"kadence-blocks-gallery-item-inner\"><figure class=\"kb-gallery-figure kb-gallery-item-has-link kadence-blocks-gallery-item-hide-caption\"><a href=\"http:\/\/evangeline-d.com\/wp-content\/uploads\/2024\/12\/IMG_20210908_174401-2.jpg\" data-description=\"Feuille de figuier s\u00e9ch\u00e9e &amp; dor\u00e9e \u00e0 l&#039;or 24 carats, bleu p\u00e2le, 2021.\" data-alt=\"Oznormb\" class=\"kb-gallery-item-link\"   role=\"button\" aria-haspopup=\"dialog\"><div class=\"kb-gal-image-radius\"><div class=\"kb-gallery-image-contain kadence-blocks-gallery-intrinsic kb-gallery-image-ratio-square kb-has-image-ratio-square\" ><img loading=\"lazy\" decoding=\"async\" src=\"http:\/\/evangeline-d.com\/wp-content\/uploads\/2024\/12\/IMG_20210908_174401-2-1024x768.jpg\" width=\"1024\" height=\"768\" alt=\"Oznormb\" data-full-image=\"http:\/\/evangeline-d.com\/wp-content\/uploads\/2024\/12\/IMG_20210908_174401-2.jpg\" data-light-image=\"http:\/\/evangeline-d.com\/wp-content\/uploads\/2024\/12\/IMG_20210908_174401-2.jpg\" data-id=\"443\" class=\"wp-image-443\" srcset=\"https:\/\/evangeline-d.com\/wp-content\/uploads\/2024\/12\/IMG_20210908_174401-2-1024x768.jpg 1024w, https:\/\/evangeline-d.com\/wp-content\/uploads\/2024\/12\/IMG_20210908_174401-2-300x225.jpg 300w, https:\/\/evangeline-d.com\/wp-content\/uploads\/2024\/12\/IMG_20210908_174401-2-768x576.jpg 768w, https:\/\/evangeline-d.com\/wp-content\/uploads\/2024\/12\/IMG_20210908_174401-2-1536x1152.jpg 1536w, https:\/\/evangeline-d.com\/wp-content\/uploads\/2024\/12\/IMG_20210908_174401-2.jpg 2000w\" sizes=\"auto, (max-width: 1024px) 100vw, 1024px\" \/><\/div><\/div><\/a><\/figure><\/div><\/li><li class=\"kadence-blocks-gallery-item\"><div class=\"kadence-blocks-gallery-item-inner\"><figure class=\"kb-gallery-figure kb-gallery-item-has-link kadence-blocks-gallery-item-hide-caption\"><a href=\"http:\/\/evangeline-d.com\/wp-content\/uploads\/2024\/12\/IMG_20210409_150830.jpg\" data-description=\"Coing g\u00e9ant de Chine s\u00e9ch\u00e9, pigment bleu outremer, 2021.\" data-alt=\"Img 20210409 150830\" class=\"kb-gallery-item-link\"   role=\"button\" aria-haspopup=\"dialog\"><div class=\"kb-gal-image-radius\"><div class=\"kb-gallery-image-contain kadence-blocks-gallery-intrinsic kb-gallery-image-ratio-square kb-has-image-ratio-square\" ><img loading=\"lazy\" decoding=\"async\" src=\"http:\/\/evangeline-d.com\/wp-content\/uploads\/2024\/12\/IMG_20210409_150830-838x1024.jpg\" width=\"838\" height=\"1024\" alt=\"Img 20210409 150830\" data-full-image=\"http:\/\/evangeline-d.com\/wp-content\/uploads\/2024\/12\/IMG_20210409_150830.jpg\" data-light-image=\"http:\/\/evangeline-d.com\/wp-content\/uploads\/2024\/12\/IMG_20210409_150830.jpg\" data-id=\"440\" class=\"wp-image-440\" srcset=\"https:\/\/evangeline-d.com\/wp-content\/uploads\/2024\/12\/IMG_20210409_150830-838x1024.jpg 838w, https:\/\/evangeline-d.com\/wp-content\/uploads\/2024\/12\/IMG_20210409_150830-245x300.jpg 245w, https:\/\/evangeline-d.com\/wp-content\/uploads\/2024\/12\/IMG_20210409_150830-768x939.jpg 768w, https:\/\/evangeline-d.com\/wp-content\/uploads\/2024\/12\/IMG_20210409_150830-1256x1536.jpg 1256w, https:\/\/evangeline-d.com\/wp-content\/uploads\/2024\/12\/IMG_20210409_150830.jpg 1636w\" sizes=\"auto, (max-width: 838px) 100vw, 838px\" \/><\/div><\/div><\/a><\/figure><\/div><\/li><li class=\"kadence-blocks-gallery-item\"><div class=\"kadence-blocks-gallery-item-inner\"><figure class=\"kb-gallery-figure kb-gallery-item-has-link kadence-blocks-gallery-item-hide-caption\"><a href=\"http:\/\/evangeline-d.com\/wp-content\/uploads\/2024\/12\/IMG_20210908_174628.jpg\" data-description=\"Poires s\u00e9ch\u00e9es &amp; dor\u00e9es \u00e0 l&#039;or 24 carats, terre grise, 2021.\" data-alt=\"Oznormb\" class=\"kb-gallery-item-link\"   role=\"button\" aria-haspopup=\"dialog\"><div class=\"kb-gal-image-radius\"><div class=\"kb-gallery-image-contain kadence-blocks-gallery-intrinsic kb-gallery-image-ratio-square kb-has-image-ratio-square\" ><img loading=\"lazy\" decoding=\"async\" src=\"http:\/\/evangeline-d.com\/wp-content\/uploads\/2024\/12\/IMG_20210908_174628-719x1024.jpg\" width=\"719\" height=\"1024\" alt=\"Oznormb\" data-full-image=\"http:\/\/evangeline-d.com\/wp-content\/uploads\/2024\/12\/IMG_20210908_174628.jpg\" data-light-image=\"http:\/\/evangeline-d.com\/wp-content\/uploads\/2024\/12\/IMG_20210908_174628.jpg\" data-id=\"444\" class=\"wp-image-444\" srcset=\"https:\/\/evangeline-d.com\/wp-content\/uploads\/2024\/12\/IMG_20210908_174628-719x1024.jpg 719w, https:\/\/evangeline-d.com\/wp-content\/uploads\/2024\/12\/IMG_20210908_174628-211x300.jpg 211w, https:\/\/evangeline-d.com\/wp-content\/uploads\/2024\/12\/IMG_20210908_174628-768x1094.jpg 768w, https:\/\/evangeline-d.com\/wp-content\/uploads\/2024\/12\/IMG_20210908_174628-1078x1536.jpg 1078w, https:\/\/evangeline-d.com\/wp-content\/uploads\/2024\/12\/IMG_20210908_174628.jpg 1404w\" sizes=\"auto, (max-width: 719px) 100vw, 719px\" \/><\/div><\/div><\/a><\/figure><\/div><\/li><li class=\"kadence-blocks-gallery-item\"><div class=\"kadence-blocks-gallery-item-inner\"><figure class=\"kb-gallery-figure kb-gallery-item-has-link kadence-blocks-gallery-item-hide-caption\"><a href=\"http:\/\/evangeline-d.com\/wp-content\/uploads\/2024\/12\/IMG_20211129_131914_540.jpg\" data-description=\"Feuille de figuier s\u00e9ch\u00e9e &amp; dor\u00e9e \u00e0 l&#039;or 24 carats, pigment bleu outremer, 2021.\" data-alt=\"Img 20211129 131914 540\" class=\"kb-gallery-item-link\"   role=\"button\" aria-haspopup=\"dialog\"><div class=\"kb-gal-image-radius\"><div class=\"kb-gallery-image-contain kadence-blocks-gallery-intrinsic kb-gallery-image-ratio-square kb-has-image-ratio-square\" ><img loading=\"lazy\" decoding=\"async\" src=\"http:\/\/evangeline-d.com\/wp-content\/uploads\/2024\/12\/IMG_20211129_131914_540-1024x1024.jpg\" width=\"1024\" height=\"1024\" alt=\"Img 20211129 131914 540\" data-full-image=\"http:\/\/evangeline-d.com\/wp-content\/uploads\/2024\/12\/IMG_20211129_131914_540.jpg\" data-light-image=\"http:\/\/evangeline-d.com\/wp-content\/uploads\/2024\/12\/IMG_20211129_131914_540.jpg\" data-id=\"445\" class=\"wp-image-445\" srcset=\"https:\/\/evangeline-d.com\/wp-content\/uploads\/2024\/12\/IMG_20211129_131914_540-1024x1024.jpg 1024w, https:\/\/evangeline-d.com\/wp-content\/uploads\/2024\/12\/IMG_20211129_131914_540-300x300.jpg 300w, https:\/\/evangeline-d.com\/wp-content\/uploads\/2024\/12\/IMG_20211129_131914_540-150x150.jpg 150w, https:\/\/evangeline-d.com\/wp-content\/uploads\/2024\/12\/IMG_20211129_131914_540-768x768.jpg 768w, https:\/\/evangeline-d.com\/wp-content\/uploads\/2024\/12\/IMG_20211129_131914_540-1536x1536.jpg 1536w, https:\/\/evangeline-d.com\/wp-content\/uploads\/2024\/12\/IMG_20211129_131914_540.jpg 2000w\" sizes=\"auto, (max-width: 1024px) 100vw, 1024px\" \/><\/div><\/div><\/a><\/figure><\/div><\/li><li class=\"kadence-blocks-gallery-item\"><div class=\"kadence-blocks-gallery-item-inner\"><figure class=\"kb-gallery-figure kb-gallery-item-has-link kadence-blocks-gallery-item-hide-caption\"><a href=\"http:\/\/evangeline-d.com\/wp-content\/uploads\/2024\/12\/IMG_20210409_150658.jpg\" data-description=\"Coing g\u00e9ant de Chine s\u00e9ch\u00e9, pigment bleu outremer, 2021.\" data-alt=\"Img 20210409 150658\" class=\"kb-gallery-item-link\"   role=\"button\" aria-haspopup=\"dialog\"><div class=\"kb-gal-image-radius\"><div class=\"kb-gallery-image-contain kadence-blocks-gallery-intrinsic kb-gallery-image-ratio-square kb-has-image-ratio-square\" ><img loading=\"lazy\" decoding=\"async\" src=\"http:\/\/evangeline-d.com\/wp-content\/uploads\/2024\/12\/IMG_20210409_150658-1024x733.jpg\" width=\"1024\" height=\"733\" alt=\"Img 20210409 150658\" data-full-image=\"http:\/\/evangeline-d.com\/wp-content\/uploads\/2024\/12\/IMG_20210409_150658.jpg\" data-light-image=\"http:\/\/evangeline-d.com\/wp-content\/uploads\/2024\/12\/IMG_20210409_150658.jpg\" data-id=\"439\" class=\"wp-image-439\" srcset=\"https:\/\/evangeline-d.com\/wp-content\/uploads\/2024\/12\/IMG_20210409_150658-1024x733.jpg 1024w, https:\/\/evangeline-d.com\/wp-content\/uploads\/2024\/12\/IMG_20210409_150658-300x215.jpg 300w, https:\/\/evangeline-d.com\/wp-content\/uploads\/2024\/12\/IMG_20210409_150658-768x550.jpg 768w, https:\/\/evangeline-d.com\/wp-content\/uploads\/2024\/12\/IMG_20210409_150658-1536x1100.jpg 1536w, https:\/\/evangeline-d.com\/wp-content\/uploads\/2024\/12\/IMG_20210409_150658.jpg 2000w\" sizes=\"auto, (max-width: 1024px) 100vw, 1024px\" \/><\/div><\/div><\/a><\/figure><\/div><\/li><li class=\"kadence-blocks-gallery-item\"><div class=\"kadence-blocks-gallery-item-inner\"><figure class=\"kb-gallery-figure kb-gallery-item-has-link kadence-blocks-gallery-item-hide-caption\"><a href=\"http:\/\/evangeline-d.com\/wp-content\/uploads\/2024\/12\/Orfeo-11-scaled.jpg\" data-description=\"Feuilles de figuiers s\u00e9ch\u00e9es &amp; dor\u00e9es \u00e0 l&#039;or 24 carats, pigment bleu outremer, 2021.\" data-alt=\"Orf\u00e9o (11)\" class=\"kb-gallery-item-link\"   role=\"button\" aria-haspopup=\"dialog\"><div class=\"kb-gal-image-radius\"><div class=\"kb-gallery-image-contain kadence-blocks-gallery-intrinsic kb-gallery-image-ratio-square kb-has-image-ratio-square\" ><img loading=\"lazy\" decoding=\"async\" src=\"http:\/\/evangeline-d.com\/wp-content\/uploads\/2024\/12\/Orfeo-11-1024x1024.jpg\" width=\"1024\" height=\"1024\" alt=\"Orf\u00e9o (11)\" data-full-image=\"http:\/\/evangeline-d.com\/wp-content\/uploads\/2024\/12\/Orfeo-11-scaled.jpg\" data-light-image=\"http:\/\/evangeline-d.com\/wp-content\/uploads\/2024\/12\/Orfeo-11-scaled.jpg\" data-id=\"456\" class=\"wp-image-456\" srcset=\"https:\/\/evangeline-d.com\/wp-content\/uploads\/2024\/12\/Orfeo-11-1024x1024.jpg 1024w, https:\/\/evangeline-d.com\/wp-content\/uploads\/2024\/12\/Orfeo-11-300x300.jpg 300w, https:\/\/evangeline-d.com\/wp-content\/uploads\/2024\/12\/Orfeo-11-150x150.jpg 150w, https:\/\/evangeline-d.com\/wp-content\/uploads\/2024\/12\/Orfeo-11-768x768.jpg 768w, https:\/\/evangeline-d.com\/wp-content\/uploads\/2024\/12\/Orfeo-11-1536x1536.jpg 1536w, https:\/\/evangeline-d.com\/wp-content\/uploads\/2024\/12\/Orfeo-11-2048x2048.jpg 2048w\" sizes=\"auto, (max-width: 1024px) 100vw, 1024px\" \/><\/div><\/div><\/a><\/figure><\/div><\/li><li class=\"kadence-blocks-gallery-item\"><div class=\"kadence-blocks-gallery-item-inner\"><figure class=\"kb-gallery-figure kb-gallery-item-has-link kadence-blocks-gallery-item-hide-caption\"><a href=\"http:\/\/evangeline-d.com\/wp-content\/uploads\/2024\/12\/IMG_20211215_165959_890-1.jpg\" data-description=\"Feuille de figuier s\u00e9ch\u00e9e &amp; dor\u00e9e \u00e0 l&#039;or 24 carats, bleu p\u00e2le, inclusion verre acrylique, 13 x 9 x 9 cm, 2021.\" data-alt=\"Img 20211215 165959 890\" class=\"kb-gallery-item-link\"   role=\"button\" aria-haspopup=\"dialog\"><div class=\"kb-gal-image-radius\"><div class=\"kb-gallery-image-contain kadence-blocks-gallery-intrinsic kb-gallery-image-ratio-square kb-has-image-ratio-square\" ><img loading=\"lazy\" decoding=\"async\" src=\"http:\/\/evangeline-d.com\/wp-content\/uploads\/2024\/12\/IMG_20211215_165959_890-1-1024x1024.jpg\" width=\"1024\" height=\"1024\" alt=\"Img 20211215 165959 890\" data-full-image=\"http:\/\/evangeline-d.com\/wp-content\/uploads\/2024\/12\/IMG_20211215_165959_890-1.jpg\" data-light-image=\"http:\/\/evangeline-d.com\/wp-content\/uploads\/2024\/12\/IMG_20211215_165959_890-1.jpg\" data-id=\"447\" class=\"wp-image-447\" srcset=\"https:\/\/evangeline-d.com\/wp-content\/uploads\/2024\/12\/IMG_20211215_165959_890-1-1024x1024.jpg 1024w, https:\/\/evangeline-d.com\/wp-content\/uploads\/2024\/12\/IMG_20211215_165959_890-1-300x300.jpg 300w, https:\/\/evangeline-d.com\/wp-content\/uploads\/2024\/12\/IMG_20211215_165959_890-1-150x150.jpg 150w, https:\/\/evangeline-d.com\/wp-content\/uploads\/2024\/12\/IMG_20211215_165959_890-1-768x768.jpg 768w, https:\/\/evangeline-d.com\/wp-content\/uploads\/2024\/12\/IMG_20211215_165959_890-1.jpg 1080w\" sizes=\"auto, (max-width: 1024px) 100vw, 1024px\" \/><\/div><\/div><\/a><\/figure><\/div><\/li><li class=\"kadence-blocks-gallery-item\"><div class=\"kadence-blocks-gallery-item-inner\"><figure class=\"kb-gallery-figure kb-gallery-item-has-link kadence-blocks-gallery-item-hide-caption\"><a href=\"http:\/\/evangeline-d.com\/wp-content\/uploads\/2024\/12\/IMG_20211221_190045_214.jpg\" data-description=\"Poire s\u00e9ch\u00e9e &amp; dor\u00e9e \u00e0 l&#039;or 24 carats, pigment bleu outremer, inclusion verre acrylique, 11 x 7 x 7 cm, 2021.\" data-alt=\"Img 20211221 190045 214\" class=\"kb-gallery-item-link\"   role=\"button\" aria-haspopup=\"dialog\"><div class=\"kb-gal-image-radius\"><div class=\"kb-gallery-image-contain kadence-blocks-gallery-intrinsic kb-gallery-image-ratio-square kb-has-image-ratio-square\" ><img loading=\"lazy\" decoding=\"async\" src=\"http:\/\/evangeline-d.com\/wp-content\/uploads\/2024\/12\/IMG_20211221_190045_214-1024x1024.jpg\" width=\"1024\" height=\"1024\" alt=\"Img 20211221 190045 214\" data-full-image=\"http:\/\/evangeline-d.com\/wp-content\/uploads\/2024\/12\/IMG_20211221_190045_214.jpg\" data-light-image=\"http:\/\/evangeline-d.com\/wp-content\/uploads\/2024\/12\/IMG_20211221_190045_214.jpg\" data-id=\"448\" class=\"wp-image-448\" srcset=\"https:\/\/evangeline-d.com\/wp-content\/uploads\/2024\/12\/IMG_20211221_190045_214-1024x1024.jpg 1024w, https:\/\/evangeline-d.com\/wp-content\/uploads\/2024\/12\/IMG_20211221_190045_214-300x300.jpg 300w, https:\/\/evangeline-d.com\/wp-content\/uploads\/2024\/12\/IMG_20211221_190045_214-150x150.jpg 150w, https:\/\/evangeline-d.com\/wp-content\/uploads\/2024\/12\/IMG_20211221_190045_214-768x768.jpg 768w, https:\/\/evangeline-d.com\/wp-content\/uploads\/2024\/12\/IMG_20211221_190045_214.jpg 1444w\" sizes=\"auto, (max-width: 1024px) 100vw, 1024px\" \/><\/div><\/div><\/a><\/figure><\/div><\/li><li class=\"kadence-blocks-gallery-item\"><div class=\"kadence-blocks-gallery-item-inner\"><figure class=\"kb-gallery-figure kb-gallery-item-has-link kadence-blocks-gallery-item-hide-caption\"><a href=\"http:\/\/evangeline-d.com\/wp-content\/uploads\/2024\/12\/IMG_20211221_190045_329.jpg\" data-description=\"Poire s\u00e9ch\u00e9e, inclusion verre acrylique, d\u00e9tail.\" data-alt=\"Img 20211221 190045 329\" class=\"kb-gallery-item-link\"   role=\"button\" aria-haspopup=\"dialog\"><div class=\"kb-gal-image-radius\"><div class=\"kb-gallery-image-contain kadence-blocks-gallery-intrinsic kb-gallery-image-ratio-square kb-has-image-ratio-square\" ><img loading=\"lazy\" decoding=\"async\" src=\"http:\/\/evangeline-d.com\/wp-content\/uploads\/2024\/12\/IMG_20211221_190045_329-819x1024.jpg\" width=\"819\" height=\"1024\" alt=\"Img 20211221 190045 329\" data-full-image=\"http:\/\/evangeline-d.com\/wp-content\/uploads\/2024\/12\/IMG_20211221_190045_329.jpg\" data-light-image=\"http:\/\/evangeline-d.com\/wp-content\/uploads\/2024\/12\/IMG_20211221_190045_329.jpg\" data-id=\"450\" class=\"wp-image-450\" srcset=\"https:\/\/evangeline-d.com\/wp-content\/uploads\/2024\/12\/IMG_20211221_190045_329-819x1024.jpg 819w, https:\/\/evangeline-d.com\/wp-content\/uploads\/2024\/12\/IMG_20211221_190045_329-240x300.jpg 240w, https:\/\/evangeline-d.com\/wp-content\/uploads\/2024\/12\/IMG_20211221_190045_329-768x960.jpg 768w, https:\/\/evangeline-d.com\/wp-content\/uploads\/2024\/12\/IMG_20211221_190045_329.jpg 1080w\" sizes=\"auto, (max-width: 819px) 100vw, 819px\" \/><\/div><\/div><\/a><\/figure><\/div><\/li><\/ul><\/div>\n\n\n<figure class=\"wp-block-pullquote has-small-font-size\"><blockquote><p>The art objects are presented alone, on a brass base, under glass covers or included in an acrylic glass.<\/p><\/blockquote><\/figure>","protected":false},"excerpt":{"rendered":"<p>OBJETS D&rsquo;ART \u201cR\u00e9v\u00e9ler, souligner, sublimer la Nature\u201d En plein c\u0153ur de l&rsquo;hiver, \u00c9vang\u00e9line parcourt la campagne et les bords de mer \u00e0 la recherche d&rsquo;\u00e9l\u00e9ments naturels singuliers.&nbsp;Le soleil, la pluie, le vent, le gel, la neige, ont fa\u00e7onn\u00e9 leur peau. Apr\u00e8s un long processus de s\u00e9chage, pommes, feuilles de figuiers, coings g\u00e9ants de Chine, et&#8230;<\/p>","protected":false},"author":1,"featured_media":0,"parent":0,"menu_order":0,"comment_status":"closed","ping_status":"closed","template":"","meta":{"_kad_post_transparent":"","_kad_post_title":"","_kad_post_layout":"","_kad_post_sidebar_id":"","_kad_post_content_style":"","_kad_post_vertical_padding":"","_kad_post_feature":"","_kad_post_feature_position":"","_kad_post_header":false,"_kad_post_footer":false,"_kad_post_classname":"","slim_seo":{"title":"Objets d'art - Evangeline D","description":"Des \u0153uvres d'art uniques alliant peintures naturelles, dorures \u00e0 la feuille d'or et pigments authentiques, m\u00ealant nature, terres min\u00e9rales et bleu outremer."},"footnotes":""},"class_list":["post-190","page","type-page","status-publish","hentry"],"_links":{"self":[{"href":"https:\/\/evangeline-d.com\/en\/wp-json\/wp\/v2\/pages\/190","targetHints":{"allow":["GET"]}}],"collection":[{"href":"https:\/\/evangeline-d.com\/en\/wp-json\/wp\/v2\/pages"}],"about":[{"href":"https:\/\/evangeline-d.com\/en\/wp-json\/wp\/v2\/types\/page"}],"author":[{"embeddable":true,"href":"https:\/\/evangeline-d.com\/en\/wp-json\/wp\/v2\/users\/1"}],"replies":[{"embeddable":true,"href":"https:\/\/evangeline-d.com\/en\/wp-json\/wp\/v2\/comments?post=190"}],"version-history":[{"count":30,"href":"https:\/\/evangeline-d.com\/en\/wp-json\/wp\/v2\/pages\/190\/revisions"}],"predecessor-version":[{"id":777,"href":"https:\/\/evangeline-d.com\/en\/wp-json\/wp\/v2\/pages\/190\/revisions\/777"}],"wp:attachment":[{"href":"https:\/\/evangeline-d.com\/en\/wp-json\/wp\/v2\/media?parent=190"}],"curies":[{"name":"wp","href":"https:\/\/api.w.org\/{rel}","templated":true}]}}